{"id":11678,"date":"2025-03-06T17:48:21","date_gmt":"2025-03-06T20:48:21","guid":{"rendered":"https:\/\/mevamboqueirao.com.br\/novosite\/?page_id=11678"},"modified":"2026-03-31T12:41:33","modified_gmt":"2026-03-31T15:41:33","slug":"quem-somos","status":"publish","type":"page","link":"https:\/\/mevamboqueirao.com.br\/novosite\/quem-somos\/","title":{"rendered":"Quem somos"},"content":{"rendered":"\t\t<div data-elementor-type=\"wp-page\" data-elementor-id=\"11678\" class=\"elementor elementor-11678\">\n\t\t\t\t<div class=\"elementor-element elementor-element-601fad9a e-flex e-con-boxed e-con e-parent\" data-id=\"601fad9a\" data-element_type=\"container\" data-e-type=\"container\">\n\t\t\t\t\t<div class=\"e-con-inner\">\n\t\t\t\t<div class=\"elementor-element elementor-element-8caf0c8 elementor-widget elementor-widget-text-editor\" data-id=\"8caf0c8\" data-element_type=\"widget\" data-e-type=\"widget\" data-widget_type=\"text-editor.default\">\n\t\t\t\t<div class=\"elementor-widget-container\">\n\t\t\t\t\t\t\t\t\t\n<p>O Minist\u00e9rio Mevam &#8211; Miss\u00f5es Evangelisticas Vinde Amados Meus com sede global em Itajai -SC nasceu em 2001 fundado por Ap\u00f3stolos \u00a0Luiz Herm\u00ednio e \u00c9dson Lapa . Com identidade mission\u00e1ria e apost\u00f3lica e objetivo expandir o Reino de Deus sobre a terra .<br \/><br \/>Em Curitiba essa trajet\u00f3ria expressa por meio de congrega\u00e7\u00f5es que carregam a vis\u00e3o e a ess\u00eancia deste minist\u00e9rio. No bairro Boqueir\u00e3o estamos estabelecidos desde fevereiro de 2025 sob a lideran\u00e7a dos pastores Alexandre e Kelly Muracava que ap\u00f3s 20 anos na sede global foram enviados no dia 04\/01\/2025 , com a miss\u00e3o de servir a cidade estabelecendo o Reino de Deus .<\/p>\n\n<p>\u00a0<\/p>\n\t\t\t\t\t\t\t\t<\/div>\n\t\t\t\t<\/div>\n\t\t\t\t\t<\/div>\n\t\t\t\t<\/div>\n\t\t\t\t<\/div>\n\t\t","protected":false},"excerpt":{"rendered":"<p>O Minist\u00e9rio Mevam &#8211; Miss\u00f5es Evangelisticas Vinde Amados Meus com&hellip;<\/p>\n<p> <a class=\"more-link\" href=\"https:\/\/mevamboqueirao.com.br\/novosite\/quem-somos\/\">Leia mais<\/a><\/p>\n","protected":false},"author":1,"featured_media":0,"parent":0,"menu_order":0,"comment_status":"closed","ping_status":"closed","template":"","meta":{"footnotes":""},"class_list":["post-11678","page","type-page","status-publish"],"_links":{"self":[{"href":"https:\/\/mevamboqueirao.com.br\/novosite\/wp-json\/wp\/v2\/pages\/11678","targetHints":{"allow":["GET"]}}],"collection":[{"href":"https:\/\/mevamboqueirao.com.br\/novosite\/wp-json\/wp\/v2\/pages"}],"about":[{"href":"https:\/\/mevamboqueirao.com.br\/novosite\/wp-json\/wp\/v2\/types\/page"}],"author":[{"embeddable":true,"href":"https:\/\/mevamboqueirao.com.br\/novosite\/wp-json\/wp\/v2\/users\/1"}],"replies":[{"embeddable":true,"href":"https:\/\/mevamboqueirao.com.br\/novosite\/wp-json\/wp\/v2\/comments?post=11678"}],"version-history":[{"count":7,"href":"https:\/\/mevamboqueirao.com.br\/novosite\/wp-json\/wp\/v2\/pages\/11678\/revisions"}],"predecessor-version":[{"id":12352,"href":"https:\/\/mevamboqueirao.com.br\/novosite\/wp-json\/wp\/v2\/pages\/11678\/revisions\/12352"}],"wp:attachment":[{"href":"https:\/\/mevamboqueirao.com.br\/novosite\/wp-json\/wp\/v2\/media?parent=11678"}],"curies":[{"name":"wp","href":"https:\/\/api.w.org\/{rel}","templated":true}]}}