{"id":11686,"date":"2025-03-06T17:49:59","date_gmt":"2025-03-06T20:49:59","guid":{"rendered":"https:\/\/mevamboqueirao.com.br\/novosite\/?page_id=11686"},"modified":"2025-08-28T16:31:21","modified_gmt":"2025-08-28T19:31:21","slug":"contribuicoes","status":"publish","type":"page","link":"https:\/\/mevamboqueirao.com.br\/novosite\/contribuicoes\/","title":{"rendered":"Contribui\u00e7\u00f5es"},"content":{"rendered":"\t\t<div data-elementor-type=\"wp-page\" data-elementor-id=\"11686\" class=\"elementor elementor-11686\">\n\t\t\t\t<div class=\"elementor-element elementor-element-4eb27e2 e-flex e-con-boxed e-con e-parent\" data-id=\"4eb27e2\" data-element_type=\"container\" data-e-type=\"container\">\n\t\t\t\t\t<div class=\"e-con-inner\">\n\t\t\t\t<div class=\"elementor-element elementor-element-64bf93b elementor-widget elementor-widget-text-editor\" data-id=\"64bf93b\" data-element_type=\"widget\" data-e-type=\"widget\" data-widget_type=\"text-editor.default\">\n\t\t\t\t<div class=\"elementor-widget-container\">\n\t\t\t\t\t\t\t\t\t<p>&#8220;Cada um d\u00ea conforme determinou em seu cora\u00e7\u00e3o, n\u00e3o com pesar ou por obriga\u00e7\u00e3o,<\/p><p>pois Deus ama quem d\u00e1 com alegria.&#8221; <strong><a href=\"https:\/\/www.bibliaon.com\/versiculo\/2_corintios_9_7\/\">2 Cor\u00edntios 9:7<\/a><\/strong><\/p>\t\t\t\t\t\t\t\t<\/div>\n\t\t\t\t<\/div>\n\t\t\t\t\t<\/div>\n\t\t\t\t<\/div>\n\t\t<div class=\"elementor-element elementor-element-56fd1a8 e-flex e-con-boxed e-con e-parent\" data-id=\"56fd1a8\" data-element_type=\"container\" data-e-type=\"container\">\n\t\t\t\t\t<div class=\"e-con-inner\">\n\t\t<div class=\"elementor-element elementor-element-00725d5 e-con-full e-flex e-con e-child\" data-id=\"00725d5\" data-element_type=\"container\" data-e-type=\"container\">\n\t\t\t\t<div class=\"elementor-element elementor-element-fbfc407 elementor-widget elementor-widget-image\" data-id=\"fbfc407\" data-element_type=\"widget\" data-e-type=\"widget\" data-widget_type=\"image.default\">\n\t\t\t\t<div class=\"elementor-widget-container\">\n\t\t\t\t\t\t\t\t\t\t\t\t\t\t\t<img fetchpriority=\"high\" decoding=\"async\" width=\"280\" height=\"280\" src=\"https:\/\/mevamboqueirao.com.br\/novosite\/wp-content\/uploads\/2025\/08\/qrcode-pix.png\" class=\"attachment-large size-large wp-image-12026\" alt=\"\" srcset=\"https:\/\/mevamboqueirao.com.br\/novosite\/wp-content\/uploads\/2025\/08\/qrcode-pix.png 280w, https:\/\/mevamboqueirao.com.br\/novosite\/wp-content\/uploads\/2025\/08\/qrcode-pix-150x150.png 150w\" sizes=\"(max-width: 280px) 100vw, 280px\" \/>\t\t\t\t\t\t\t\t\t\t\t\t\t\t\t<\/div>\n\t\t\t\t<\/div>\n\t\t\t\t<\/div>\n\t\t<div class=\"elementor-element elementor-element-6d82b87 e-con-full e-flex e-con e-child\" data-id=\"6d82b87\" data-element_type=\"container\" data-e-type=\"container\">\n\t\t\t\t<div class=\"elementor-element elementor-element-935a885 elementor-widget elementor-widget-text-editor\" data-id=\"935a885\" data-element_type=\"widget\" data-e-type=\"widget\" data-widget_type=\"text-editor.default\">\n\t\t\t\t<div class=\"elementor-widget-container\">\n\t\t\t\t\t\t\t\t\t<p><strong>PIX CNPJ:\u00a0<\/strong><span style=\"text-align: var(--text-align);\"><b>60.887.711\/0001-51<\/b><\/span><\/p>\t\t\t\t\t\t\t\t<\/div>\n\t\t\t\t<\/div>\n\t\t\t\t<div class=\"elementor-element elementor-element-cd15745 elementor-widget elementor-widget-text-editor\" data-id=\"cd15745\" data-element_type=\"widget\" data-e-type=\"widget\" data-widget_type=\"text-editor.default\">\n\t\t\t\t<div class=\"elementor-widget-container\">\n\t\t\t\t\t\t\t\t\t<p><strong>Miss\u00f5es Evangel\u00edsticas Vinde Amados Meus &#8211;<\/strong> <b>Boqueir\u00e3o\/Curitiba\/PR<\/b><\/p>\t\t\t\t\t\t\t\t<\/div>\n\t\t\t\t<\/div>\n\t\t\t\t<\/div>\n\t\t\t\t\t<\/div>\n\t\t\t\t<\/div>\n\t\t\t\t<\/div>\n\t\t","protected":false},"excerpt":{"rendered":"<p>&#8220;Cada um d\u00ea conforme determinou em seu cora\u00e7\u00e3o, n\u00e3o com&hellip;<\/p>\n<p> <a class=\"more-link\" href=\"https:\/\/mevamboqueirao.com.br\/novosite\/contribuicoes\/\">Leia mais<\/a><\/p>\n","protected":false},"author":1,"featured_media":0,"parent":0,"menu_order":0,"comment_status":"closed","ping_status":"closed","template":"","meta":{"footnotes":""},"class_list":["post-11686","page","type-page","status-publish"],"_links":{"self":[{"href":"https:\/\/mevamboqueirao.com.br\/novosite\/wp-json\/wp\/v2\/pages\/11686","targetHints":{"allow":["GET"]}}],"collection":[{"href":"https:\/\/mevamboqueirao.com.br\/novosite\/wp-json\/wp\/v2\/pages"}],"about":[{"href":"https:\/\/mevamboqueirao.com.br\/novosite\/wp-json\/wp\/v2\/types\/page"}],"author":[{"embeddable":true,"href":"https:\/\/mevamboqueirao.com.br\/novosite\/wp-json\/wp\/v2\/users\/1"}],"replies":[{"embeddable":true,"href":"https:\/\/mevamboqueirao.com.br\/novosite\/wp-json\/wp\/v2\/comments?post=11686"}],"version-history":[{"count":31,"href":"https:\/\/mevamboqueirao.com.br\/novosite\/wp-json\/wp\/v2\/pages\/11686\/revisions"}],"predecessor-version":[{"id":12085,"href":"https:\/\/mevamboqueirao.com.br\/novosite\/wp-json\/wp\/v2\/pages\/11686\/revisions\/12085"}],"wp:attachment":[{"href":"https:\/\/mevamboqueirao.com.br\/novosite\/wp-json\/wp\/v2\/media?parent=11686"}],"curies":[{"name":"wp","href":"https:\/\/api.w.org\/{rel}","templated":true}]}}