{"id":11808,"date":"2025-05-05T22:49:00","date_gmt":"2025-05-06T01:49:00","guid":{"rendered":"https:\/\/mevamboqueirao.com.br\/novosite\/?page_id=11808"},"modified":"2025-05-13T16:03:27","modified_gmt":"2025-05-13T19:03:27","slug":"em-primeiros-passos","status":"publish","type":"page","link":"https:\/\/mevamboqueirao.com.br\/novosite\/em-primeiros-passos\/","title":{"rendered":"Escola Ministerial &#8211; PRIMEIROS PASSOS"},"content":{"rendered":"\t\t<div data-elementor-type=\"wp-page\" data-elementor-id=\"11808\" class=\"elementor elementor-11808\">\n\t\t\t\t<div class=\"elementor-element elementor-element-660df4e e-flex e-con-boxed e-con e-parent\" data-id=\"660df4e\" data-element_type=\"container\" data-e-type=\"container\" data-settings=\"{&quot;background_background&quot;:&quot;classic&quot;}\">\n\t\t\t\t\t<div class=\"e-con-inner\">\n\t\t<div class=\"elementor-element elementor-element-ecc914d e-con-full e-flex elementor-invisible e-con e-child\" data-id=\"ecc914d\" data-element_type=\"container\" data-e-type=\"container\" data-settings=\"{&quot;background_background&quot;:&quot;classic&quot;,&quot;animation&quot;:&quot;fadeIn&quot;}\">\n\t\t\t\t<div class=\"elementor-element elementor-element-1c6777a elementor-widget elementor-widget-image\" data-id=\"1c6777a\" data-element_type=\"widget\" data-e-type=\"widget\" data-widget_type=\"image.default\">\n\t\t\t\t<div class=\"elementor-widget-container\">\n\t\t\t\t\t\t\t\t\t\t\t\t\t\t\t<img fetchpriority=\"high\" decoding=\"async\" width=\"740\" height=\"690\" src=\"https:\/\/mevamboqueirao.com.br\/novosite\/wp-content\/uploads\/2025\/05\/batismocapa.jpg\" class=\"attachment-large size-large wp-image-11912\" alt=\"\" srcset=\"https:\/\/mevamboqueirao.com.br\/novosite\/wp-content\/uploads\/2025\/05\/batismocapa.jpg 740w, https:\/\/mevamboqueirao.com.br\/novosite\/wp-content\/uploads\/2025\/05\/batismocapa-300x280.jpg 300w\" sizes=\"(max-width: 740px) 100vw, 740px\" \/>\t\t\t\t\t\t\t\t\t\t\t\t\t\t\t<\/div>\n\t\t\t\t<\/div>\n\t\t\t\t<div class=\"elementor-element elementor-element-8ceb365 elementor-widget elementor-widget-heading\" data-id=\"8ceb365\" data-element_type=\"widget\" data-e-type=\"widget\" data-widget_type=\"heading.default\">\n\t\t\t\t<div class=\"elementor-widget-container\">\n\t\t\t\t\t<h2 class=\"elementor-heading-title elementor-size-default\">BATISMO<\/h2>\t\t\t\t<\/div>\n\t\t\t\t<\/div>\n\t\t\t\t<div class=\"elementor-element elementor-element-1859611 elementor-widget elementor-widget-text-editor\" data-id=\"1859611\" data-element_type=\"widget\" data-e-type=\"widget\" data-widget_type=\"text-editor.default\">\n\t\t\t\t<div class=\"elementor-widget-container\">\n\t\t\t\t\t\t\t\t\t<p><strong>Tema: <\/strong>O Novo Nascimento<\/p><p><strong>Aula:<\/strong> Batismo<\/p>\t\t\t\t\t\t\t\t<\/div>\n\t\t\t\t<\/div>\n\t\t\t\t<div class=\"elementor-element elementor-element-a683ba6 elementor-align-center elementor-widget elementor-widget-button\" data-id=\"a683ba6\" data-element_type=\"widget\" data-e-type=\"widget\" data-widget_type=\"button.default\">\n\t\t\t\t<div class=\"elementor-widget-container\">\n\t\t\t\t\t\t\t\t\t<div class=\"elementor-button-wrapper\">\n\t\t\t\t\t<a class=\"elementor-button elementor-button-link elementor-size-sm\" href=\"https:\/\/mevamboqueirao.com.br\/novosite\/wp-content\/uploads\/2025\/05\/batismo.pdf\">\n\t\t\t\t\t\t<span class=\"elementor-button-content-wrapper\">\n\t\t\t\t\t\t<span class=\"elementor-button-icon\">\n\t\t\t\t<svg aria-hidden=\"true\" class=\"e-font-icon-svg e-far-arrow-alt-circle-right\" viewBox=\"0 0 512 512\" xmlns=\"http:\/\/www.w3.org\/2000\/svg\"><path d=\"M504 256C504 119 393 8 256 8S8 119 8 256s111 248 248 248 248-111 248-248zm-448 0c0-110.5 89.5-200 200-200s200 89.5 200 200-89.5 200-200 200S56 366.5 56 256zm72 20v-40c0-6.6 5.4-12 12-12h116v-67c0-10.7 12.9-16 20.5-8.5l99 99c4.7 4.7 4.7 12.3 0 17l-99 99c-7.6 7.6-20.5 2.2-20.5-8.5v-67H140c-6.6 0-12-5.4-12-12z\"><\/path><\/svg>\t\t\t<\/span>\n\t\t\t\t\t\t\t\t\t<span class=\"elementor-button-text\">Acesse AQUI<\/span>\n\t\t\t\t\t<\/span>\n\t\t\t\t\t<\/a>\n\t\t\t\t<\/div>\n\t\t\t\t\t\t\t\t<\/div>\n\t\t\t\t<\/div>\n\t\t\t\t<\/div>\n\t\t<div class=\"elementor-element elementor-element-d991b0c e-con-full e-flex elementor-invisible e-con e-child\" data-id=\"d991b0c\" data-element_type=\"container\" data-e-type=\"container\" data-settings=\"{&quot;background_background&quot;:&quot;classic&quot;,&quot;animation&quot;:&quot;fadeIn&quot;}\">\n\t\t\t\t<div class=\"elementor-element elementor-element-88fa15e elementor-widget elementor-widget-image\" data-id=\"88fa15e\" data-element_type=\"widget\" data-e-type=\"widget\" data-widget_type=\"image.default\">\n\t\t\t\t<div class=\"elementor-widget-container\">\n\t\t\t\t\t\t\t\t\t\t\t\t\t\t\t<img decoding=\"async\" width=\"740\" height=\"690\" src=\"https:\/\/mevamboqueirao.com.br\/novosite\/wp-content\/uploads\/2025\/05\/capacriancas.jpg\" class=\"attachment-large size-large wp-image-11917\" alt=\"\" srcset=\"https:\/\/mevamboqueirao.com.br\/novosite\/wp-content\/uploads\/2025\/05\/capacriancas.jpg 740w, https:\/\/mevamboqueirao.com.br\/novosite\/wp-content\/uploads\/2025\/05\/capacriancas-300x280.jpg 300w\" sizes=\"(max-width: 740px) 100vw, 740px\" \/>\t\t\t\t\t\t\t\t\t\t\t\t\t\t\t<\/div>\n\t\t\t\t<\/div>\n\t\t\t\t<div class=\"elementor-element elementor-element-01f436a elementor-widget elementor-widget-heading\" data-id=\"01f436a\" data-element_type=\"widget\" data-e-type=\"widget\" data-widget_type=\"heading.default\">\n\t\t\t\t<div class=\"elementor-widget-container\">\n\t\t\t\t\t<h2 class=\"elementor-heading-title elementor-size-default\">APRESENTA\u00c7\u00c3O DE CRIAN\u00c7A<\/h2>\t\t\t\t<\/div>\n\t\t\t\t<\/div>\n\t\t\t\t<div class=\"elementor-element elementor-element-c51bc89 elementor-widget elementor-widget-text-editor\" data-id=\"c51bc89\" data-element_type=\"widget\" data-e-type=\"widget\" data-widget_type=\"text-editor.default\">\n\t\t\t\t<div class=\"elementor-widget-container\">\n\t\t\t\t\t\t\t\t\t<p><strong>Tema: <\/strong>Um Ato de Fe, Amor e Compromisso com o Futuro<\/p>\t\t\t\t\t\t\t\t<\/div>\n\t\t\t\t<\/div>\n\t\t\t\t<div class=\"elementor-element elementor-element-a23a2ec elementor-align-center elementor-widget elementor-widget-button\" data-id=\"a23a2ec\" data-element_type=\"widget\" data-e-type=\"widget\" data-widget_type=\"button.default\">\n\t\t\t\t<div class=\"elementor-widget-container\">\n\t\t\t\t\t\t\t\t\t<div class=\"elementor-button-wrapper\">\n\t\t\t\t\t<a class=\"elementor-button elementor-button-link elementor-size-sm\" href=\"https:\/\/mevamboqueirao.com.br\/novosite\/wp-content\/uploads\/2025\/05\/apresentacaocrianca.pdf\">\n\t\t\t\t\t\t<span class=\"elementor-button-content-wrapper\">\n\t\t\t\t\t\t<span class=\"elementor-button-icon\">\n\t\t\t\t<svg aria-hidden=\"true\" class=\"e-font-icon-svg e-far-arrow-alt-circle-right\" viewBox=\"0 0 512 512\" xmlns=\"http:\/\/www.w3.org\/2000\/svg\"><path d=\"M504 256C504 119 393 8 256 8S8 119 8 256s111 248 248 248 248-111 248-248zm-448 0c0-110.5 89.5-200 200-200s200 89.5 200 200-89.5 200-200 200S56 366.5 56 256zm72 20v-40c0-6.6 5.4-12 12-12h116v-67c0-10.7 12.9-16 20.5-8.5l99 99c4.7 4.7 4.7 12.3 0 17l-99 99c-7.6 7.6-20.5 2.2-20.5-8.5v-67H140c-6.6 0-12-5.4-12-12z\"><\/path><\/svg>\t\t\t<\/span>\n\t\t\t\t\t\t\t\t\t<span class=\"elementor-button-text\">Acesse AQUI<\/span>\n\t\t\t\t\t<\/span>\n\t\t\t\t\t<\/a>\n\t\t\t\t<\/div>\n\t\t\t\t\t\t\t\t<\/div>\n\t\t\t\t<\/div>\n\t\t\t\t<\/div>\n\t\t<div class=\"elementor-element elementor-element-305f36a e-con-full e-flex elementor-invisible e-con e-child\" data-id=\"305f36a\" data-element_type=\"container\" data-e-type=\"container\" data-settings=\"{&quot;background_background&quot;:&quot;classic&quot;,&quot;animation&quot;:&quot;fadeIn&quot;}\">\n\t\t\t\t<div class=\"elementor-element elementor-element-13d1710 elementor-widget elementor-widget-image\" data-id=\"13d1710\" data-element_type=\"widget\" data-e-type=\"widget\" data-widget_type=\"image.default\">\n\t\t\t\t<div class=\"elementor-widget-container\">\n\t\t\t\t\t\t\t\t\t\t\t\t\t\t\t<img decoding=\"async\" width=\"800\" height=\"360\" src=\"https:\/\/mevamboqueirao.com.br\/novosite\/wp-content\/uploads\/2025\/05\/WhatsApp-Image-2025-05-04-at-23.49.35-1024x461.jpeg\" class=\"attachment-large size-large wp-image-11730\" alt=\"\" srcset=\"https:\/\/mevamboqueirao.com.br\/novosite\/wp-content\/uploads\/2025\/05\/WhatsApp-Image-2025-05-04-at-23.49.35-1024x461.jpeg 1024w, https:\/\/mevamboqueirao.com.br\/novosite\/wp-content\/uploads\/2025\/05\/WhatsApp-Image-2025-05-04-at-23.49.35-1536x692.jpeg 1536w, https:\/\/mevamboqueirao.com.br\/novosite\/wp-content\/uploads\/2025\/05\/WhatsApp-Image-2025-05-04-at-23.49.35-2048x923.jpeg 2048w\" sizes=\"(max-width: 800px) 100vw, 800px\" \/>\t\t\t\t\t\t\t\t\t\t\t\t\t\t\t<\/div>\n\t\t\t\t<\/div>\n\t\t\t\t<div class=\"elementor-element elementor-element-430c20c elementor-widget elementor-widget-heading\" data-id=\"430c20c\" data-element_type=\"widget\" data-e-type=\"widget\" data-widget_type=\"heading.default\">\n\t\t\t\t<div class=\"elementor-widget-container\">\n\t\t\t\t\t<h2 class=\"elementor-heading-title elementor-size-default\">EM BREVE<\/h2>\t\t\t\t<\/div>\n\t\t\t\t<\/div>\n\t\t\t\t<div class=\"elementor-element elementor-element-784c045 elementor-widget elementor-widget-text-editor\" data-id=\"784c045\" data-element_type=\"widget\" data-e-type=\"widget\" data-widget_type=\"text-editor.default\">\n\t\t\t\t<div class=\"elementor-widget-container\">\n\t\t\t\t\t\t\t\t\t<p><strong>Tema: <\/strong>Em breve novo conte\u00fado<\/p><p><strong>Aula:<\/strong>\u00a0<\/p>\t\t\t\t\t\t\t\t<\/div>\n\t\t\t\t<\/div>\n\t\t\t\t<div class=\"elementor-element elementor-element-8d49396 elementor-align-center elementor-widget elementor-widget-button\" data-id=\"8d49396\" data-element_type=\"widget\" data-e-type=\"widget\" data-widget_type=\"button.default\">\n\t\t\t\t<div class=\"elementor-widget-container\">\n\t\t\t\t\t\t\t\t\t<div class=\"elementor-button-wrapper\">\n\t\t\t\t\t<a class=\"elementor-button elementor-button-link elementor-size-sm\" href=\"#\">\n\t\t\t\t\t\t<span class=\"elementor-button-content-wrapper\">\n\t\t\t\t\t\t<span class=\"elementor-button-icon\">\n\t\t\t\t<svg aria-hidden=\"true\" class=\"e-font-icon-svg e-far-arrow-alt-circle-right\" viewBox=\"0 0 512 512\" xmlns=\"http:\/\/www.w3.org\/2000\/svg\"><path d=\"M504 256C504 119 393 8 256 8S8 119 8 256s111 248 248 248 248-111 248-248zm-448 0c0-110.5 89.5-200 200-200s200 89.5 200 200-89.5 200-200 200S56 366.5 56 256zm72 20v-40c0-6.6 5.4-12 12-12h116v-67c0-10.7 12.9-16 20.5-8.5l99 99c4.7 4.7 4.7 12.3 0 17l-99 99c-7.6 7.6-20.5 2.2-20.5-8.5v-67H140c-6.6 0-12-5.4-12-12z\"><\/path><\/svg>\t\t\t<\/span>\n\t\t\t\t\t\t\t\t\t<span class=\"elementor-button-text\">Acesse AQUI<\/span>\n\t\t\t\t\t<\/span>\n\t\t\t\t\t<\/a>\n\t\t\t\t<\/div>\n\t\t\t\t\t\t\t\t<\/div>\n\t\t\t\t<\/div>\n\t\t\t\t<\/div>\n\t\t<div class=\"elementor-element elementor-element-e20eba2 e-con-full e-flex e-con e-child\" data-id=\"e20eba2\" data-element_type=\"container\" data-e-type=\"container\">\n\t\t\t\t<\/div>\n\t\t<div class=\"elementor-element elementor-element-72f9683 e-con-full e-flex e-con e-child\" data-id=\"72f9683\" data-element_type=\"container\" data-e-type=\"container\">\n\t\t\t\t<\/div>\n\t\t<div class=\"elementor-element elementor-element-c1134aa e-con-full e-flex e-con e-child\" data-id=\"c1134aa\" data-element_type=\"container\" data-e-type=\"container\">\n\t\t\t\t<\/div>\n\t\t\t\t\t<\/div>\n\t\t\t\t<\/div>\n\t\t\t\t<\/div>\n\t\t","protected":false},"excerpt":{"rendered":"<p>BATISMO Tema: O Novo Nascimento Aula: Batismo Acesse AQUI APRESENTA\u00c7\u00c3O&hellip;<\/p>\n<p> <a class=\"more-link\" href=\"https:\/\/mevamboqueirao.com.br\/novosite\/em-primeiros-passos\/\">Leia mais<\/a><\/p>\n","protected":false},"author":4,"featured_media":0,"parent":0,"menu_order":0,"comment_status":"closed","ping_status":"closed","template":"","meta":{"footnotes":""},"class_list":["post-11808","page","type-page","status-publish"],"_links":{"self":[{"href":"https:\/\/mevamboqueirao.com.br\/novosite\/wp-json\/wp\/v2\/pages\/11808","targetHints":{"allow":["GET"]}}],"collection":[{"href":"https:\/\/mevamboqueirao.com.br\/novosite\/wp-json\/wp\/v2\/pages"}],"about":[{"href":"https:\/\/mevamboqueirao.com.br\/novosite\/wp-json\/wp\/v2\/types\/page"}],"author":[{"embeddable":true,"href":"https:\/\/mevamboqueirao.com.br\/novosite\/wp-json\/wp\/v2\/users\/4"}],"replies":[{"embeddable":true,"href":"https:\/\/mevamboqueirao.com.br\/novosite\/wp-json\/wp\/v2\/comments?post=11808"}],"version-history":[{"count":11,"href":"https:\/\/mevamboqueirao.com.br\/novosite\/wp-json\/wp\/v2\/pages\/11808\/revisions"}],"predecessor-version":[{"id":11922,"href":"https:\/\/mevamboqueirao.com.br\/novosite\/wp-json\/wp\/v2\/pages\/11808\/revisions\/11922"}],"wp:attachment":[{"href":"https:\/\/mevamboqueirao.com.br\/novosite\/wp-json\/wp\/v2\/media?parent=11808"}],"curies":[{"name":"wp","href":"https:\/\/api.w.org\/{rel}","templated":true}]}}